{"id":17,"date":"2016-01-08T17:23:41","date_gmt":"2016-01-08T17:23:41","guid":{"rendered":"http:\/\/oteromonzon.ch\/Massagen\/?page_id=17"},"modified":"2023-01-02T06:50:00","modified_gmt":"2023-01-02T06:50:00","slug":"17-2","status":"publish","type":"page","link":"http:\/\/www.oteromonzon.ch\/?page_id=17","title":{"rendered":"KLASSISCHE TEIL- &#038; GANZK\u00d6RPERMASSAGE"},"content":{"rendered":"<p><span style=\"color: #808080;\"><strong>Das Wort Massage stammt vom franz\u00f6sischen Wort &#8222;masser&#8220; bzw. vom arabischen &#8222;mass&#8220; (ber\u00fchren). Die &#8222;Kunst der Ber\u00fchrung&#8220; wie die Massage auch genannt wird, geh\u00f6rt zu den Behandlungsformen, mit denen dem Menschen Kraft und Vitalit\u00e4t zur\u00fcckgegeben wird.<\/strong><\/span><\/p>\n<p><span style=\"color: #808080;\"><strong>Der Hauptzweck der Massage liegt darin, die Harmonie des Organismus zu bewahren oder wiederherzustellen.<\/strong><\/span><\/p>\n<p><span style=\"color: #808080;\"><strong>Die klassische Massage dient vor allem der Vorbeugung und Behandlung von Verspannungen der Muskulatur. Typische Beschwerden sind: Rheumatische Beschwerden, R\u00fcckenschmerzen, Kopfschmerzen bei verspannter R\u00fccken- und Nackenmuskulatur, verh\u00e4rtete Muskulatur sowie Bewegungseinschr\u00e4nkungen, die durch eine verspannte oder verk\u00fcrzte Muskulatur bedingt sind.<\/strong><\/span><\/p>\n<p><span style=\"color: #808080;\"><strong>Vorteile einer klassischen K\u00f6rpermassage:<\/strong><\/span><\/p>\n<p><span style=\"color: #808080;\"><strong>\u2022 Behandlung und Vorbeugung von Verspannungen<\/strong><\/span><br \/>\n<span style=\"color: #808080;\"><strong>\u2022 Lockerung der Muskulatur<\/strong><\/span><br \/>\n<span style=\"color: #808080;\"><strong>\u2022 Verbesserter Zellstoffwechsel im Gewebe<\/strong><\/span><br \/>\n<span style=\"color: #808080;\"><strong>\u2022 Beeinflussung des vegetativen Nervensystems<\/strong><\/span><br \/>\n<span style=\"color: #808080;\"><strong>\u2022 Gewinn an Vitalit\u00e4t und Energie<\/strong><\/span><br \/>\n<span style=\"color: #808080;\"><strong>\u2022 Allgemeine Entspannung und Wohltat<\/strong><\/span><\/p>\n<p><a href=\"http:\/\/www.oteromonzon.ch\/wp-content\/uploads\/2016\/01\/R\u00fcckenmassage.jpg\"><img loading=\"lazy\" decoding=\"async\" class=\"alignnone size-full wp-image-18\" src=\"http:\/\/www.oteromonzon.ch\/wp-content\/uploads\/2016\/01\/R\u00fcckenmassage.jpg\" alt=\"R\u00fcckenmassage\" width=\"200\" height=\"133\" \/><\/a><\/p>\n<p><span style=\"color: #808080;\"><strong>Klassische Massage (60 Min.)&#8230;&#8230;&#8230;&#8230;&#8230;&#8230;&#8230;&#8230;&#8230;&#8230;&#8230;&#8230;&#8230;&#8230;&#8230;&#8230;&#8230;&#8230;&#8230;&#8230;&#8230;&#8230;&#8230;&#8230;&#8230;&#8230;&#8230;. CHF\u00a0 80.&#8211;<\/strong><\/span><\/p>\n<p><span style=\"color: #808080;\"><strong>Klassische Massage (90Min.)&#8230;&#8230;&#8230;&#8230;&#8230;&#8230;&#8230;&#8230;&#8230;&#8230;&#8230;&#8230;&#8230;&#8230;&#8230;&#8230;&#8230;&#8230;&#8230;&#8230;&#8230;&#8230;&#8230;&#8230;&#8230;&#8230;&#8230;. CHF 110.&#8211;<\/strong><\/span><\/p>\n<p><span style=\"color: #808080;\"><strong>Klassische Massage \/ R\u00fccken-\/Nackenmassage (30Min.)&#8230;&#8230;&#8230;&#8230;&#8230;&#8230;&#8230;&#8230;&#8230;&#8230;&#8230;.. CHF\u00a0 \u00a045.&#8211;<\/strong><\/span><\/p>\n<p>&nbsp;<\/p>\n<p>&nbsp;<\/p>\n","protected":false},"excerpt":{"rendered":"<p>Das Wort Massage stammt vom franz\u00f6sischen Wort &#8222;masser&#8220; bzw. vom arabischen &#8222;mass&#8220; (ber\u00fchren). Die &#8222;Kunst der Ber\u00fchrung&#8220; wie die Massage auch genannt wird, geh\u00f6rt zu den Behandlungsformen, mit denen dem Menschen Kraft und Vitalit\u00e4t zur\u00fcckgegeben wird. Der Hauptzweck der Massage liegt darin, die Harmonie des Organismus zu bewahren oder wiederherzustellen. &#8230;<\/p>\n","protected":false},"author":1,"featured_media":0,"parent":8,"menu_order":0,"comment_status":"closed","ping_status":"closed","template":"","meta":{"footnotes":""},"class_list":["post-17","page","type-page","status-publish","hentry","column","twocol"],"_links":{"self":[{"href":"http:\/\/www.oteromonzon.ch\/index.php?rest_route=\/wp\/v2\/pages\/17","targetHints":{"allow":["GET"]}}],"collection":[{"href":"http:\/\/www.oteromonzon.ch\/index.php?rest_route=\/wp\/v2\/pages"}],"about":[{"href":"http:\/\/www.oteromonzon.ch\/index.php?rest_route=\/wp\/v2\/types\/page"}],"author":[{"embeddable":true,"href":"http:\/\/www.oteromonzon.ch\/index.php?rest_route=\/wp\/v2\/users\/1"}],"replies":[{"embeddable":true,"href":"http:\/\/www.oteromonzon.ch\/index.php?rest_route=%2Fwp%2Fv2%2Fcomments&post=17"}],"version-history":[{"count":7,"href":"http:\/\/www.oteromonzon.ch\/index.php?rest_route=\/wp\/v2\/pages\/17\/revisions"}],"predecessor-version":[{"id":178,"href":"http:\/\/www.oteromonzon.ch\/index.php?rest_route=\/wp\/v2\/pages\/17\/revisions\/178"}],"up":[{"embeddable":true,"href":"http:\/\/www.oteromonzon.ch\/index.php?rest_route=\/wp\/v2\/pages\/8"}],"wp:attachment":[{"href":"http:\/\/www.oteromonzon.ch\/index.php?rest_route=%2Fwp%2Fv2%2Fmedia&parent=17"}],"curies":[{"name":"wp","href":"https:\/\/api.w.org\/{rel}","templated":true}]}}