{"id":24,"date":"2016-01-08T17:30:11","date_gmt":"2016-01-08T17:30:11","guid":{"rendered":"http:\/\/oteromonzon.ch\/Massagen\/?page_id=24"},"modified":"2022-10-20T13:46:57","modified_gmt":"2022-10-20T13:46:57","slug":"manuelle-lymphdrainage","status":"publish","type":"page","link":"http:\/\/www.oteromonzon.ch\/?page_id=24","title":{"rendered":"MANUELLE LYMPHDRAINAGE"},"content":{"rendered":"<p><span style=\"color: #808080;\"><strong>Die manuelle Lymphdrainage ist eine sanfte Art das Lymphgef\u00e4sssystem im ganzen K\u00f6rper anzuregen und zu behandeln. Wenn das Lymphsystem in seiner Funktion gest\u00f6rt ist, staut sich das K\u00f6rperwasser im Gewebe und es kommt zu Schwellungen (\u00d6deme).<\/strong><\/span><\/p>\n<p><span style=\"color: #808080;\"><strong>Durch verschiedene Massage- und Grifftechniken wird das Lymphsystem aktiviert und das Immunsystem angeregt. Es werden Giftstoffe aus dem Gewebe abgeleitet und eine gr\u00fcndliche Entgiftung und Entschlackung des Organismus erreicht. Sehr zu empfehlen bei tr\u00e4gem K\u00f6rpergef\u00fchl, schweren Beinen und k\u00f6rperlichen Anspannungen.<\/strong><\/span><\/p>\n<p><span style=\"color: #808080;\"><strong>Vorteile einer manuellen Lymphdrainage:<\/strong><\/span><\/p>\n<p><span style=\"color: #808080;\"><strong>\u2022 gut bei Migr\u00e4ne und Allergien<\/strong><\/span><br \/>\n<span style=\"color: #808080;\"><strong>\u2022 St\u00e4rkung des Abwehrsystems<\/strong><\/span><br \/>\n<span style=\"color: #808080;\"><strong>\u2022 verbesserter Abtransport von Giftstoffen und Schlacken<\/strong><\/span><br \/>\n<span style=\"color: #808080;\"><strong>\u2022 Lockerung des Bindegewebes<\/strong><\/span><br \/>\n<span style=\"color: #808080;\"><strong>\u2022 Anstieg der Lymphgef\u00e4ssbewegung<\/strong><\/span><br \/>\n<span style=\"color: #808080;\"><strong>\u2022 Lockerung und Entspannung<\/strong><\/span><\/p>\n<p>&nbsp;<\/p>\n<p><a href=\"http:\/\/www.oteromonzon.ch\/wp-content\/uploads\/2016\/01\/Lymphdrainage1.jpg\"><img loading=\"lazy\" decoding=\"async\" class=\"alignnone size-full wp-image-25\" src=\"http:\/\/www.oteromonzon.ch\/wp-content\/uploads\/2016\/01\/Lymphdrainage1.jpg\" alt=\"Lymphdrainage1\" width=\"200\" height=\"133\" \/><\/a><\/p>\n<p><span style=\"color: #808080;\"><strong>Manuelle Lymphdrainage (60 Min.) &#8230;&#8230;&#8230;&#8230;&#8230;&#8230;&#8230;&#8230;&#8230;&#8230;&#8230;&#8230;&#8230;&#8230;&#8230;&#8230;&#8230;&#8230;&#8230;&#8230;&#8230;&#8230;&#8230;&#8230;CHF 100.&#8211;<\/strong><\/span><\/p>\n<p><span style=\"color: #808080;\"><strong>Manuelle Lymphdrainage (30 Min.) &#8230;&#8230;&#8230;&#8230;&#8230;&#8230;&#8230;&#8230;&#8230;&#8230;&#8230;&#8230;&#8230;&#8230;&#8230;&#8230;&#8230;&#8230;&#8230;&#8230;&#8230;&#8230;&#8230;.. CHF\u00a0 \u00a050.&#8211;<\/strong><\/span><\/p>\n","protected":false},"excerpt":{"rendered":"<p>Die manuelle Lymphdrainage ist eine sanfte Art das Lymphgef\u00e4sssystem im ganzen K\u00f6rper anzuregen und zu behandeln. Wenn das Lymphsystem in seiner Funktion gest\u00f6rt ist, staut sich das K\u00f6rperwasser im Gewebe und es kommt zu Schwellungen (\u00d6deme). Durch verschiedene Massage- und Grifftechniken wird das Lymphsystem aktiviert und das Immunsystem angeregt. Es &#8230;<\/p>\n","protected":false},"author":1,"featured_media":0,"parent":8,"menu_order":0,"comment_status":"closed","ping_status":"closed","template":"","meta":{"footnotes":""},"class_list":["post-24","page","type-page","status-publish","hentry","column","twocol"],"_links":{"self":[{"href":"http:\/\/www.oteromonzon.ch\/index.php?rest_route=\/wp\/v2\/pages\/24","targetHints":{"allow":["GET"]}}],"collection":[{"href":"http:\/\/www.oteromonzon.ch\/index.php?rest_route=\/wp\/v2\/pages"}],"about":[{"href":"http:\/\/www.oteromonzon.ch\/index.php?rest_route=\/wp\/v2\/types\/page"}],"author":[{"embeddable":true,"href":"http:\/\/www.oteromonzon.ch\/index.php?rest_route=\/wp\/v2\/users\/1"}],"replies":[{"embeddable":true,"href":"http:\/\/www.oteromonzon.ch\/index.php?rest_route=%2Fwp%2Fv2%2Fcomments&post=24"}],"version-history":[{"count":5,"href":"http:\/\/www.oteromonzon.ch\/index.php?rest_route=\/wp\/v2\/pages\/24\/revisions"}],"predecessor-version":[{"id":172,"href":"http:\/\/www.oteromonzon.ch\/index.php?rest_route=\/wp\/v2\/pages\/24\/revisions\/172"}],"up":[{"embeddable":true,"href":"http:\/\/www.oteromonzon.ch\/index.php?rest_route=\/wp\/v2\/pages\/8"}],"wp:attachment":[{"href":"http:\/\/www.oteromonzon.ch\/index.php?rest_route=%2Fwp%2Fv2%2Fmedia&parent=24"}],"curies":[{"name":"wp","href":"https:\/\/api.w.org\/{rel}","templated":true}]}}