{"id":8,"date":"2016-01-08T17:05:37","date_gmt":"2016-01-08T17:05:37","guid":{"rendered":"http:\/\/oteromonzon.ch\/Massagen\/?page_id=8"},"modified":"2016-01-08T17:35:01","modified_gmt":"2016-01-08T17:35:01","slug":"massagen","status":"publish","type":"page","link":"http:\/\/www.oteromonzon.ch\/?page_id=8","title":{"rendered":"MASSAGEN"},"content":{"rendered":"<p><span style=\"color: #808080;\"><strong>G\u00f6nnen Sie Ihrem K\u00f6rper etwas Wohlbefinden und w\u00e4hlen Sie unter den gebotenen Massagen, die passende f\u00fcr Sie aus. Ihr K\u00f6rper wird es Ihnen danken!<\/strong><\/span><\/p>\n","protected":false},"excerpt":{"rendered":"<p>G\u00f6nnen Sie Ihrem K\u00f6rper etwas Wohlbefinden und w\u00e4hlen Sie unter den gebotenen Massagen, die passende f\u00fcr Sie aus. Ihr K\u00f6rper wird es Ihnen danken!<\/p>\n","protected":false},"author":1,"featured_media":0,"parent":0,"menu_order":0,"comment_status":"closed","ping_status":"closed","template":"","meta":{"footnotes":""},"class_list":["post-8","page","type-page","status-publish","hentry","column","twocol"],"_links":{"self":[{"href":"http:\/\/www.oteromonzon.ch\/index.php?rest_route=\/wp\/v2\/pages\/8","targetHints":{"allow":["GET"]}}],"collection":[{"href":"http:\/\/www.oteromonzon.ch\/index.php?rest_route=\/wp\/v2\/pages"}],"about":[{"href":"http:\/\/www.oteromonzon.ch\/index.php?rest_route=\/wp\/v2\/types\/page"}],"author":[{"embeddable":true,"href":"http:\/\/www.oteromonzon.ch\/index.php?rest_route=\/wp\/v2\/users\/1"}],"replies":[{"embeddable":true,"href":"http:\/\/www.oteromonzon.ch\/index.php?rest_route=%2Fwp%2Fv2%2Fcomments&post=8"}],"version-history":[{"count":2,"href":"http:\/\/www.oteromonzon.ch\/index.php?rest_route=\/wp\/v2\/pages\/8\/revisions"}],"predecessor-version":[{"id":10,"href":"http:\/\/www.oteromonzon.ch\/index.php?rest_route=\/wp\/v2\/pages\/8\/revisions\/10"}],"wp:attachment":[{"href":"http:\/\/www.oteromonzon.ch\/index.php?rest_route=%2Fwp%2Fv2%2Fmedia&parent=8"}],"curies":[{"name":"wp","href":"https:\/\/api.w.org\/{rel}","templated":true}]}}